{"id":407,"date":"2019-05-02T22:57:37","date_gmt":"2019-05-02T20:57:37","guid":{"rendered":"https:\/\/wpmu.kbwbrands.de\/glasseele\/?page_id=407"},"modified":"2020-06-10T00:23:30","modified_gmt":"2020-06-09T22:23:30","slug":"reparaturservice-metall-seele","status":"publish","type":"page","link":"https:\/\/glas-seele.de\/metall\/metall-seele\/reparaturservice-metall-seele\/","title":{"rendered":"Reparaturservice metall seele"},"content":{"rendered":"\n\t\t<div id=\"fws_69dc17f445059\"  data-column-margin=\"default\" data-midnight=\"dark\" data-bottom-percent=\"5%\"  data-bg-mobile-hidden=\"true\" class=\"wpb_row vc_row-fluid vc_row full-width-section vc_row-o-equal-height vc_row-flex vc_row-o-content-bottom start\"  style=\"padding-top: 240px; padding-bottom: calc(100vw * 0.05); \"><div class=\"row-bg-wrap\" data-bg-animation=\"none\" data-bg-animation-delay=\"\" data-bg-overlay=\"false\"><div class=\"inner-wrap row-bg-layer using-image\" ><div class=\"row-bg viewport-desktop using-image\"  style=\"background-position: center top; background-repeat: no-repeat; \"><\/div><\/div><\/div><div class=\"row_col_wrap_12 col span_12 dark left\">\n\t<div  class=\"vc_col-sm-7 wpb_column column_container vc_column_container col has-animation no-extra-padding\"  data-padding-pos=\"all\" data-has-bg-color=\"false\" data-bg-color=\"\" data-bg-opacity=\"1\" data-animation=\"fade-in-from-left\" data-delay=\"0\" >\n\t\t<div class=\"vc_column-inner\" >\n\t\t\t<div class=\"wpb_wrapper\">\n\t\t\t\t\n<div class=\"wpb_text_column wpb_content_element \" >\n\t<div class=\"wpb_wrapper\">\n\t\t<h1>Wartung und Reparatur<\/h1>\n<h2>Reparaturdienst Ihres Vertrauens<\/h2>\n<p>Trotz bester Produktqualit\u00e4t zeigen u. a. bewegliche Metallteile nach l\u00e4ngerer Nutzung Verschlei\u00dferscheinungen. Unser Fachpersonal k\u00fcmmert sich f\u00fcr Sie regelm\u00e4\u00dfig um die pr\u00e4zise Justierung und optimale Funktionalit\u00e4t. Und sollte doch einmal eine kleine Reparatur anstehen, beheben wir das Problem schnellstm\u00f6glich bei Ihnen vor Ort.<\/p>\n<p>Unsere Leistungen umfassen u. A.:<\/p>\n<ul>\n<li>Feststellanlagen<\/li>\n<li>T\u00fcren und T\u00fcrschlie\u00dfer<\/li>\n<li>Dreh- und Schiebet\u00fcrenantriebe<\/li>\n<li>Fenster aller Art<\/li>\n<li>RWA-Anlagen<\/li>\n<\/ul>\n<p><strong>Sie haben Fragen? <\/strong><strong>Gerne stehen wir Ihnen f\u00fcr ein Beratungsgespr\u00e4ch zur Verf\u00fcgung.<\/strong><\/p>\n\t<\/div>\n<\/div>\n\n\n\n\n\t\t\t<\/div> \n\t\t<\/div>\n\t<\/div> \n\n\t<div  class=\"vc_col-sm-5 wartung wpb_column column_container vc_column_container col centered-text no-extra-padding\"  data-padding-pos=\"all\" data-has-bg-color=\"false\" data-bg-color=\"\" data-bg-opacity=\"1\" data-animation=\"\" data-delay=\"0\" >\n\t\t<div class=\"vc_column-inner\" >\n\t\t\t<div class=\"wpb_wrapper\">\n\t\t\t\t\n<div class=\"wpb_text_column wpb_content_element  wartung-text\" >\n\t<div class=\"wpb_wrapper\">\n\t\t<p>Nehmen Sie Kontakt mit uns auf<\/p>\n\t<\/div>\n<\/div>\n\n\n\n<a class=\"nectar-button jumbo regular accent-color  regular-button\"  role=\"button\" style=\"color: #ffffff; background-color: #ef7700;\"  href=\"https:\/\/glas-seele.de\/metall\/metall-seele\/kontakt\/\" data-color-override=\"#ef7700\" data-hover-color-override=\"false\" data-hover-text-color-override=\"#fff\"><span>Wartung &amp; Reparatur<\/span><\/a>\n\t\t\t<\/div> \n\t\t<\/div>\n\t<\/div> \n<\/div><\/div>\n","protected":false},"excerpt":{"rendered":"Wartung und Reparatur Reparaturdienst Ihres Vertrauens Trotz bester Produktqualit\u00e4t zeigen u. a. bewegliche Metallteile nach l\u00e4ngerer Nutzung Verschlei\u00dferscheinungen. Unser Fachpersonal k\u00fcmmert sich f\u00fcr Sie regelm\u00e4\u00dfig um die pr\u00e4zise Justierung und...","protected":false},"author":1,"featured_media":0,"parent":86,"menu_order":0,"comment_status":"closed","ping_status":"closed","template":"","meta":{"footnotes":""},"class_list":["post-407","page","type-page","status-publish"],"publishpress_future_action":{"enabled":false,"date":"2026-04-20 00:08:52","action":"change-status","newStatus":"draft","terms":[],"taxonomy":""},"publishpress_future_workflow_manual_trigger":{"enabledWorkflows":[]},"_links":{"self":[{"href":"https:\/\/glas-seele.de\/metall\/wp-json\/wp\/v2\/pages\/407","targetHints":{"allow":["GET"]}}],"collection":[{"href":"https:\/\/glas-seele.de\/metall\/wp-json\/wp\/v2\/pages"}],"about":[{"href":"https:\/\/glas-seele.de\/metall\/wp-json\/wp\/v2\/types\/page"}],"author":[{"embeddable":true,"href":"https:\/\/glas-seele.de\/metall\/wp-json\/wp\/v2\/users\/1"}],"replies":[{"embeddable":true,"href":"https:\/\/glas-seele.de\/metall\/wp-json\/wp\/v2\/comments?post=407"}],"version-history":[{"count":16,"href":"https:\/\/glas-seele.de\/metall\/wp-json\/wp\/v2\/pages\/407\/revisions"}],"predecessor-version":[{"id":2522,"href":"https:\/\/glas-seele.de\/metall\/wp-json\/wp\/v2\/pages\/407\/revisions\/2522"}],"up":[{"embeddable":true,"href":"https:\/\/glas-seele.de\/metall\/wp-json\/wp\/v2\/pages\/86"}],"wp:attachment":[{"href":"https:\/\/glas-seele.de\/metall\/wp-json\/wp\/v2\/media?parent=407"}],"curies":[{"name":"wp","href":"https:\/\/api.w.org\/{rel}","templated":true}]}}